{"id":3595,"date":"2025-03-11T11:40:43","date_gmt":"2025-03-11T10:40:43","guid":{"rendered":"https:\/\/evamaria-klobutschar.at\/ueber-mich\/"},"modified":"2025-03-11T16:55:10","modified_gmt":"2025-03-11T15:55:10","slug":"about-me","status":"publish","type":"page","link":"https:\/\/evamaria-klobutschar.at\/en\/about-me\/","title":{"rendered":"About me"},"content":{"rendered":"\t\t<div data-elementor-type=\"wp-page\" data-elementor-id=\"3595\" class=\"elementor elementor-3595 elementor-1945\" data-elementor-post-type=\"page\">\n\t\t\t\t\t\t<section class=\"elementor-section elementor-top-section elementor-element elementor-element-b85d448 envato-kit-141-top-0 elementor-reverse-tablet elementor-reverse-mobile elementor-section-boxed elementor-section-height-default elementor-section-height-default\" data-id=\"b85d448\" data-element_type=\"section\" data-e-type=\"section\" data-settings=\"{&quot;background_background&quot;:&quot;classic&quot;}\">\n\t\t\t\t\t\t\t<div class=\"elementor-background-overlay\"><\/div>\n\t\t\t\t\t\t\t<div class=\"elementor-container elementor-column-gap-wider\">\n\t\t\t\t\t<div class=\"elementor-column elementor-col-50 elementor-top-column elementor-element elementor-element-8f09775\" data-id=\"8f09775\" data-element_type=\"column\" data-e-type=\"column\">\n\t\t\t<div class=\"elementor-widget-wrap elementor-element-populated\">\n\t\t\t\t\t\t<div class=\"elementor-element elementor-element-d424a9c elementor-invisible elementor-widget elementor-widget-heading\" data-id=\"d424a9c\" data-element_type=\"widget\" data-e-type=\"widget\" data-settings=\"{&quot;_animation&quot;:&quot;fadeIn&quot;,&quot;_animation_delay&quot;:150}\" data-widget_type=\"heading.default\">\n\t\t\t\t<div class=\"elementor-widget-container\">\n\t\t\t\t\t<h2 class=\"elementor-heading-title elementor-size-default\">Unternehmerin &amp; Trainerin<\/h2>\t\t\t\t<\/div>\n\t\t\t\t<\/div>\n\t\t\t\t<div class=\"elementor-element elementor-element-ffde6f4 elementor-invisible elementor-widget elementor-widget-heading\" data-id=\"ffde6f4\" data-element_type=\"widget\" data-e-type=\"widget\" data-settings=\"{&quot;_animation&quot;:&quot;fadeIn&quot;,&quot;_animation_delay&quot;:100}\" data-widget_type=\"heading.default\">\n\t\t\t\t<div class=\"elementor-widget-container\">\n\t\t\t\t\t<h2 class=\"elementor-heading-title elementor-size-default\">About me<\/h2>\t\t\t\t<\/div>\n\t\t\t\t<\/div>\n\t\t\t\t<div class=\"elementor-element elementor-element-3df4902 elementor-widget-divider--view-line elementor-invisible elementor-widget elementor-widget-divider\" data-id=\"3df4902\" data-element_type=\"widget\" data-e-type=\"widget\" data-settings=\"{&quot;_animation&quot;:&quot;fadeIn&quot;,&quot;_animation_delay&quot;:200}\" data-widget_type=\"divider.default\">\n\t\t\t\t<div class=\"elementor-widget-container\">\n\t\t\t\t\t\t\t<div class=\"elementor-divider\">\n\t\t\t<span class=\"elementor-divider-separator\">\n\t\t\t\t\t\t<\/span>\n\t\t<\/div>\n\t\t\t\t\t\t<\/div>\n\t\t\t\t<\/div>\n\t\t\t\t<div class=\"elementor-element elementor-element-1e24643 elementor-widget elementor-widget-text-editor\" data-id=\"1e24643\" data-element_type=\"widget\" data-e-type=\"widget\" data-widget_type=\"text-editor.default\">\n\t\t\t\t<div class=\"elementor-widget-container\">\n\t\t\t\t\t\t\t\t\t<p>&#8230;Ich lebe mein Leben in wachsenden Ringen, die sich \u00fcber die Dinge zieh&#8217;n, ich werde den letzten vielleicht nicht vollenden &#8211; ABER mutig wagen WILL ich ihn (Rilke)<\/p>\t\t\t\t\t\t\t\t<\/div>\n\t\t\t\t<\/div>\n\t\t\t\t<div class=\"elementor-element elementor-element-88ea8c9 elementor-widget elementor-widget-text-editor\" data-id=\"88ea8c9\" data-element_type=\"widget\" data-e-type=\"widget\" data-widget_type=\"text-editor.default\">\n\t\t\t\t<div class=\"elementor-widget-container\">\n\t\t\t\t\t\t\t\t\t<p style=\"text-align: left;\"><span style=\"color: #6a2b9d;\">Ich<strong> bin Eva Maria Klobutschar\u2026<\/strong><\/span><\/p><p>und heisse dich sehr herzlich willkommen!<\/p><p>Bereit f\u00fcr eine aussergew\u00f6hnliche Reise ?<\/p><p><strong>Es ist JETZT die beste Zeit, dich auf deine eigene Reise zu begeben &#8211; in DEIN HERZ<\/strong><\/p><p>Das Au\u00dfen ver\u00e4ndert sich in rasanter Geschwindigkeit, Verunsicherung und Angst ist an der Tagesordnung.<\/p><p><b>Die L\u00f6sung:<\/b><\/p><p>Entdecke dein eigenes Licht, das oft durch die pers\u00f6nliche Geschichte vergraben ist, triff <b>deine Entscheidung<\/b> f\u00fcr ein zufriedeneres, ges\u00fcnderes, gl\u00fccklicheres Leben &#8211; und komme in die Umsetzung, denn niemand weiss, wie viel Zeit uns geschenkt ist.<br>Denn noch nie war die Zeit hier in Europa besser daf\u00fcr geeignet als JETZT.<\/p><p>Ich teile mit dir nur, was sich in den schwierigsten und dunkelsten Zeiten meines Lebens bew\u00e4hrt hat und habe, dar\u00fcber hinaus, durch meine Ausbildungen einen reich gepackten &#8220;Werkzeugkoffer&#8221;<\/p><p>.<br>Meine Berufung ist es, Menschen auf &#8220;gute&#8221;, konstruktive und leicht umzusetzende Gedanken zu bringen.<\/p><p><b>Denn die Kraft der Gedanken wird immer mehr Menschen bewusst.<\/b><\/p><p><b><br>Mit Eigenwirksamkeit und authentischem Selbstausdruck das eigene Leben zu gestalten, indem \u00c4ngste gemeistert und bedingungslose Liebe im eigenen Herzen zum Erbl\u00fchen gebracht wird, ist das Gebot der<\/b> <b>Stunde &#8211; 2021 kann somit zum gl\u00fccklichsten Jahr des eigenen Lebens werden.<\/b><\/p><p><strong>Dogmenfrei,<\/strong> ich bin keiner Kirche oder Religionsgemeinschaft oder politischen Richtung verpflichtet.<\/p><p><em>Interessiert dich, wie es m\u00f6glich ist &#8211; trotz gebrochenem Herzen wieder Frieden im eigenen Leben zu erschaffen?<\/em><\/p><p>Sehnst du dich danach, in deinem eigenen Herzen bedingungslose Liebe zu sp\u00fcren und sie in deinem Umfeld wirksam werden zu lassen?<\/p><p>W\u00fcnscht du dir Freiheit vom Gef\u00fchl der Angst vor Ver\u00e4nderungen im Leben?<\/p><p>Bist zu bereit, Eigenverantwortung f\u00fcr die Ergebnisse in deinem Leben zu \u00fcbernehmen, dir neue Ziele zu stecken, und in die Umsetzung deiner Pl\u00e4ne zu kommen &#8211; jeden Tag neu?<\/p><p>Bist du bereit, Niederlagen hin zu nehmen, daraus zu lernen: immer wieder aufzustehen, dich zu motivieren und den ersten Schritt in eine vielleicht noch ungewohnte Richtung zu gehen?<\/p><p>Tr\u00e4umst du dar\u00fcber hinaus, mit dem spirituellen Begleiter von uns Menschen, den Pferden in Kontakt zu kommen und Erfahrungen zu machen, von denen nur Pferde-Besitzer schw\u00e4rmen:<\/p><p>Ich kam erst mit 38 Jahren in die Welt der Pferde, weil ich Angst vor ihnen hatte: sie waren mir zu gro\u00df, schnell, und unberechenbar.<\/p><p>Ich bin 1954 in Wien geboren, da gab es in unserer Familie auch kein Geld f\u00fcr Reitunterricht &#8211; doch meine Erfahrung:<\/p><p><strong>Es ist nie zu sp\u00e4t f\u00fcr den Beginn eines gl\u00fccklicheren, zufriedeneren Lebens.<\/strong><\/p><p>Eva-Maria<img fetchpriority=\"high\" decoding=\"async\" class=\"alignnone size-medium wp-image-2881\" src=\"https:\/\/evamaria-klobutschar.at\/wp-content\/uploads\/2021\/01\/WhatsApp-Image-2021-01-11-at-20.02.30-225x300.jpeg\" alt=\"\" width=\"225\" height=\"300\" srcset=\"https:\/\/evamaria-klobutschar.at\/wp-content\/uploads\/2021\/01\/WhatsApp-Image-2021-01-11-at-20.02.30-225x300.jpeg 225w, https:\/\/evamaria-klobutschar.at\/wp-content\/uploads\/2021\/01\/WhatsApp-Image-2021-01-11-at-20.02.30-300x400.jpeg 300w, https:\/\/evamaria-klobutschar.at\/wp-content\/uploads\/2021\/01\/WhatsApp-Image-2021-01-11-at-20.02.30.jpeg 768w\" sizes=\"(max-width: 225px) 100vw, 225px\" \/><\/p>\t\t\t\t\t\t\t\t<\/div>\n\t\t\t\t<\/div>\n\t\t\t\t<div class=\"elementor-element elementor-element-55c2a19 elementor-widget elementor-widget-spacer\" data-id=\"55c2a19\" data-element_type=\"widget\" data-e-type=\"widget\" data-widget_type=\"spacer.default\">\n\t\t\t\t<div class=\"elementor-widget-container\">\n\t\t\t\t\t\t\t<div class=\"elementor-spacer\">\n\t\t\t<div class=\"elementor-spacer-inner\"><\/div>\n\t\t<\/div>\n\t\t\t\t\t\t<\/div>\n\t\t\t\t<\/div>\n\t\t\t\t\t<\/div>\n\t\t<\/div>\n\t\t\t\t<div class=\"elementor-column elementor-col-50 elementor-top-column elementor-element elementor-element-b8d78fb\" data-id=\"b8d78fb\" data-element_type=\"column\" data-e-type=\"column\" data-settings=\"{&quot;background_background&quot;:&quot;classic&quot;}\">\n\t\t\t<div class=\"elementor-widget-wrap elementor-element-populated\">\n\t\t\t\t\t\t<div class=\"elementor-element elementor-element-90df72c elementor-widget__width-initial elementor-widget elementor-widget-spacer\" data-id=\"90df72c\" data-element_type=\"widget\" data-e-type=\"widget\" data-widget_type=\"spacer.default\">\n\t\t\t\t<div class=\"elementor-widget-container\">\n\t\t\t\t\t\t\t<div class=\"elementor-spacer\">\n\t\t\t<div class=\"elementor-spacer-inner\"><\/div>\n\t\t<\/div>\n\t\t\t\t\t\t<\/div>\n\t\t\t\t<\/div>\n\t\t\t\t\t<\/div>\n\t\t<\/div>\n\t\t\t\t\t<\/div>\n\t\t<\/section>\n\t\t\t\t<section class=\"elementor-section elementor-top-section elementor-element elementor-element-67741a2 envato-kit-141-top-0 elementor-section-boxed elementor-section-height-default elementor-section-height-default\" data-id=\"67741a2\" data-element_type=\"section\" data-e-type=\"section\" data-settings=\"{&quot;background_background&quot;:&quot;classic&quot;}\">\n\t\t\t\t\t\t\t<div class=\"elementor-background-overlay\"><\/div>\n\t\t\t\t\t\t\t<div class=\"elementor-container elementor-column-gap-wider\">\n\t\t\t\t\t<div class=\"elementor-column elementor-col-50 elementor-top-column elementor-element elementor-element-afa1eca\" data-id=\"afa1eca\" data-element_type=\"column\" data-e-type=\"column\" data-settings=\"{&quot;background_background&quot;:&quot;classic&quot;}\">\n\t\t\t<div class=\"elementor-widget-wrap elementor-element-populated\">\n\t\t\t\t\t\t<div class=\"elementor-element elementor-element-2eb1cd0 elementor-widget elementor-widget-spacer\" data-id=\"2eb1cd0\" data-element_type=\"widget\" data-e-type=\"widget\" data-widget_type=\"spacer.default\">\n\t\t\t\t<div class=\"elementor-widget-container\">\n\t\t\t\t\t\t\t<div class=\"elementor-spacer\">\n\t\t\t<div class=\"elementor-spacer-inner\"><\/div>\n\t\t<\/div>\n\t\t\t\t\t\t<\/div>\n\t\t\t\t<\/div>\n\t\t\t\t\t<\/div>\n\t\t<\/div>\n\t\t\t\t<div class=\"elementor-column elementor-col-50 elementor-top-column elementor-element elementor-element-7c0384b\" data-id=\"7c0384b\" data-element_type=\"column\" data-e-type=\"column\">\n\t\t\t<div class=\"elementor-widget-wrap elementor-element-populated\">\n\t\t\t\t\t\t<div class=\"elementor-element elementor-element-5c6983d elementor-widget-divider--view-line elementor-invisible elementor-widget elementor-widget-divider\" data-id=\"5c6983d\" data-element_type=\"widget\" data-e-type=\"widget\" data-settings=\"{&quot;_animation&quot;:&quot;fadeIn&quot;,&quot;_animation_delay&quot;:200}\" data-widget_type=\"divider.default\">\n\t\t\t\t<div class=\"elementor-widget-container\">\n\t\t\t\t\t\t\t<div class=\"elementor-divider\">\n\t\t\t<span class=\"elementor-divider-separator\">\n\t\t\t\t\t\t<\/span>\n\t\t<\/div>\n\t\t\t\t\t\t<\/div>\n\t\t\t\t<\/div>\n\t\t\t\t<div class=\"elementor-element elementor-element-7e9c9a3 elementor-widget elementor-widget-text-editor\" data-id=\"7e9c9a3\" data-element_type=\"widget\" data-e-type=\"widget\" data-widget_type=\"text-editor.default\">\n\t\t\t\t<div class=\"elementor-widget-container\">\n\t\t\t\t\t\t\t\t\t<p><span style=\"color: #6a2b9d;\"><strong>Meine Ausbildung:<\/strong><\/span><\/p><ul><li>Magistra der Sozial- und Wirtschaftwissenschaften<\/li><li>Studium Ernaehrungswissenschaften, Zusatzausbildung Ernaehrung nach den Richtlinien der TCM (traditionellen chinesischen Medizin)<\/li><li>Qualifizierte Wirtschaftsmediatorin<\/li><li>Akademisch gepruefte Outdoortrainerin Universitaetslehrgang Training und Beratung nach dem handlungsorientierten Ansatz Integrative Outdoor-Aktivitaeten an der Universitaet Wien<\/li><li>Ausbildungen nach den Richtlinien des Oesterreichischen Pferdesports:<br>Wanderreitfuehrerin ( engl. Reitweise, seit 1999), Uebungsleiterin Voltigieren, Pferdesamariterin, Western Riding Certificate<\/li><li>Kurse in PNH Pat Parelli Natural Horsemanship, seit 20 Jahren inspiriert durch Seminare mit GaWaNi Pony Boy<\/li><\/ul>\t\t\t\t\t\t\t\t<\/div>\n\t\t\t\t<\/div>\n\t\t\t\t<div class=\"elementor-element elementor-element-82d6de4 elementor-widget elementor-widget-spacer\" data-id=\"82d6de4\" data-element_type=\"widget\" data-e-type=\"widget\" data-widget_type=\"spacer.default\">\n\t\t\t\t<div class=\"elementor-widget-container\">\n\t\t\t\t\t\t\t<div class=\"elementor-spacer\">\n\t\t\t<div class=\"elementor-spacer-inner\"><\/div>\n\t\t<\/div>\n\t\t\t\t\t\t<\/div>\n\t\t\t\t<\/div>\n\t\t\t\t\t<\/div>\n\t\t<\/div>\n\t\t\t\t\t<\/div>\n\t\t<\/section>\n\t\t\t\t<section class=\"elementor-section elementor-top-section elementor-element elementor-element-62c7bd2 elementor-section-boxed elementor-section-height-default elementor-section-height-default\" data-id=\"62c7bd2\" data-element_type=\"section\" data-e-type=\"section\">\n\t\t\t\t\t\t<div class=\"elementor-container elementor-column-gap-default\">\n\t\t\t\t\t<div class=\"elementor-column elementor-col-100 elementor-top-column elementor-element elementor-element-084c444\" data-id=\"084c444\" data-element_type=\"column\" data-e-type=\"column\">\n\t\t\t<div class=\"elementor-widget-wrap elementor-element-populated\">\n\t\t\t\t\t\t<div class=\"elementor-element elementor-element-b217312 elementor-invisible elementor-widget elementor-widget-heading\" data-id=\"b217312\" data-element_type=\"widget\" data-e-type=\"widget\" data-settings=\"{&quot;_animation&quot;:&quot;fadeIn&quot;,&quot;_animation_delay&quot;:100}\" data-widget_type=\"heading.default\">\n\t\t\t\t<div class=\"elementor-widget-container\">\n\t\t\t\t\t<h2 class=\"elementor-heading-title elementor-size-default\">Lerne mich besser kennen...<\/h2>\t\t\t\t<\/div>\n\t\t\t\t<\/div>\n\t\t\t\t<div class=\"elementor-element elementor-element-0f23ae9 elementor-widget elementor-widget-text-editor\" data-id=\"0f23ae9\" data-element_type=\"widget\" data-e-type=\"widget\" data-widget_type=\"text-editor.default\">\n\t\t\t\t<div class=\"elementor-widget-container\">\n\t\t\t\t\t\t\t\t\t<p>&#8230;Unm\u00f6gliches erledige ich sofort, &#8220;Wunder&#8221; brauchen etwas l\u00e4nger, auf Wunsch wird &#8220;gehext&#8221; &#8211; ist der Leitspruch, der sich durch mein ganzes Leben zieht.<\/p><p>Als Erstgeborene in unserer Geschwisterreihe lernte ich sehr fr\u00fch, Verantwortung zu \u00fcbernehmen und im elterlichen Betrieb mitzuarbeiten. Meine Eltern erm\u00f6glichten mir eine ausgezeichnete Schulbildung, wof\u00fcr ich ihnen sehr dankbar bin. <\/p><p>Ich wollte B\u00e4uerin und Lehrerin werden, doch es kam anders.<\/p><p>Erst mit 38 Jahren er\u00f6ffnete mir mein Sohn das Tor in die Welt der Pferde, vor denen ich Angst hatte.<\/p><p>Ich erlebte, wie, vor allem meine eigenen Pferde ab 1994 geniale Trainer meiner Pers\u00f6nlichkeit, meines authentischen Selbstausdruckes, meines Selbst-Bewusst-Seins, meiner Klarheit wurden, was ich anfangs als &#8220;spooky&#8221; empfand &#8211; das &#8220;Leben&#8221; kommuniziert mit mir ! <\/p><p> <\/p><p>Als Sozial- und Wirtschaftswissenschafterin und Mediatorin fand ich ab 1997 eine berufliche Nische, die mich zutiefst erf\u00fcllt: Expertin f\u00fcr Inneres, transformatorisches Bewusst-Seins-Wachstum &#8211; denn Leben ist immer Wachstum.<\/p><p>Pferde &#8211; spirituelle Begleiter von uns Menschen seit Anbeginn.<\/p><p> <\/p><p>Wenn auch DICH die Pferde-Seele ruft, dich der Dialog Mensch\/Pferd interessiert:<\/p><p>ich arbeite in \u00d6sterreich, in der N\u00e4he von Linz, in Deutschland Bad Zwischenahn (Ammerland) und Tasmanien\/Australien.<\/p><p>Sei es dir Wert, erf\u00fclle auch DU dir deine Tr\u00e4ume <\/p><p> <\/p><p>Eva-Maria<\/p><p> <\/p><p> <\/p>\t\t\t\t\t\t\t\t<\/div>\n\t\t\t\t<\/div>\n\t\t\t\t\t<\/div>\n\t\t<\/div>\n\t\t\t\t\t<\/div>\n\t\t<\/section>\n\t\t\t\t<\/div>\n\t\t","protected":false},"excerpt":{"rendered":"<p>Unternehmerin &amp; Trainerin About me &#8230;Ich lebe mein Leben in wachsenden Ringen, die sich \u00fcber die Dinge zieh&#8217;n, ich werde den letzten vielleicht nicht vollenden &#8211; ABER mutig wagen WILL ich ihn (Rilke) Ich bin Eva Maria Klobutschar\u2026 und heisse dich sehr herzlich willkommen! Bereit f\u00fcr eine aussergew\u00f6hnliche Reise ? Es ist JETZT die beste [&hellip;]<\/p>\n","protected":false},"author":718,"featured_media":0,"parent":0,"menu_order":0,"comment_status":"closed","ping_status":"closed","template":"elementor_header_footer","meta":{"footnotes":""},"class_list":["post-3595","page","type-page","status-publish","hentry"],"yoast_head":"<!-- This site is optimized with the Yoast SEO plugin v27.3 - https:\/\/yoast.com\/product\/yoast-seo-wordpress\/ -->\n<title>About me - Eva Maria Klobutschar<\/title>\n<meta name=\"robots\" content=\"index, follow, max-snippet:-1, max-image-preview:large, max-video-preview:-1\" \/>\n<link rel=\"canonical\" href=\"https:\/\/evamaria-klobutschar.at\/en\/about-me\/\" \/>\n<meta property=\"og:locale\" content=\"en_US\" \/>\n<meta property=\"og:type\" content=\"article\" \/>\n<meta property=\"og:title\" content=\"About me - Eva Maria Klobutschar\" \/>\n<meta property=\"og:description\" content=\"Unternehmerin &amp; Trainerin About me &#8230;Ich lebe mein Leben in wachsenden Ringen, die sich \u00fcber die Dinge zieh&#8217;n, ich werde den letzten vielleicht nicht vollenden &#8211; ABER mutig wagen WILL ich ihn (Rilke) Ich bin Eva Maria Klobutschar\u2026 und heisse dich sehr herzlich willkommen! Bereit f\u00fcr eine aussergew\u00f6hnliche Reise ? Es ist JETZT die beste [&hellip;]\" \/>\n<meta property=\"og:url\" content=\"https:\/\/evamaria-klobutschar.at\/en\/about-me\/\" \/>\n<meta property=\"og:site_name\" content=\"Eva Maria Klobutschar\" \/>\n<meta property=\"article:publisher\" content=\"https:\/\/www.facebook.com\/1psherzenswunschleben\/\" \/>\n<meta property=\"article:modified_time\" content=\"2025-03-11T15:55:10+00:00\" \/>\n<meta property=\"og:image\" content=\"https:\/\/evamaria-klobutschar.at\/wp-content\/uploads\/2021\/01\/WhatsApp-Image-2021-01-11-at-20.02.30-225x300.jpeg\" \/>\n<meta name=\"twitter:card\" content=\"summary_large_image\" \/>\n<meta name=\"twitter:label1\" content=\"Est. reading time\" \/>\n\t<meta name=\"twitter:data1\" content=\"4 minutes\" \/>\n<script type=\"application\/ld+json\" class=\"yoast-schema-graph\">{\"@context\":\"https:\\\/\\\/schema.org\",\"@graph\":[{\"@type\":\"WebPage\",\"@id\":\"https:\\\/\\\/evamaria-klobutschar.at\\\/en\\\/about-me\\\/\",\"url\":\"https:\\\/\\\/evamaria-klobutschar.at\\\/en\\\/about-me\\\/\",\"name\":\"About me - Eva Maria Klobutschar\",\"isPartOf\":{\"@id\":\"https:\\\/\\\/evamaria-klobutschar.at\\\/en\\\/#website\"},\"primaryImageOfPage\":{\"@id\":\"https:\\\/\\\/evamaria-klobutschar.at\\\/en\\\/about-me\\\/#primaryimage\"},\"image\":{\"@id\":\"https:\\\/\\\/evamaria-klobutschar.at\\\/en\\\/about-me\\\/#primaryimage\"},\"thumbnailUrl\":\"https:\\\/\\\/evamaria-klobutschar.at\\\/wp-content\\\/uploads\\\/2021\\\/01\\\/WhatsApp-Image-2021-01-11-at-20.02.30-225x300.jpeg\",\"datePublished\":\"2025-03-11T10:40:43+00:00\",\"dateModified\":\"2025-03-11T15:55:10+00:00\",\"breadcrumb\":{\"@id\":\"https:\\\/\\\/evamaria-klobutschar.at\\\/en\\\/about-me\\\/#breadcrumb\"},\"inLanguage\":\"en-US\",\"potentialAction\":[{\"@type\":\"ReadAction\",\"target\":[\"https:\\\/\\\/evamaria-klobutschar.at\\\/en\\\/about-me\\\/\"]}]},{\"@type\":\"ImageObject\",\"inLanguage\":\"en-US\",\"@id\":\"https:\\\/\\\/evamaria-klobutschar.at\\\/en\\\/about-me\\\/#primaryimage\",\"url\":\"https:\\\/\\\/evamaria-klobutschar.at\\\/wp-content\\\/uploads\\\/2021\\\/01\\\/WhatsApp-Image-2021-01-11-at-20.02.30-225x300.jpeg\",\"contentUrl\":\"https:\\\/\\\/evamaria-klobutschar.at\\\/wp-content\\\/uploads\\\/2021\\\/01\\\/WhatsApp-Image-2021-01-11-at-20.02.30-225x300.jpeg\"},{\"@type\":\"BreadcrumbList\",\"@id\":\"https:\\\/\\\/evamaria-klobutschar.at\\\/en\\\/about-me\\\/#breadcrumb\",\"itemListElement\":[{\"@type\":\"ListItem\",\"position\":1,\"name\":\"Startseite\",\"item\":\"https:\\\/\\\/evamaria-klobutschar.at\\\/en\\\/\"},{\"@type\":\"ListItem\",\"position\":2,\"name\":\"About me\"}]},{\"@type\":\"WebSite\",\"@id\":\"https:\\\/\\\/evamaria-klobutschar.at\\\/en\\\/#website\",\"url\":\"https:\\\/\\\/evamaria-klobutschar.at\\\/en\\\/\",\"name\":\"Eva Maria Klobutschar\",\"description\":\"Hole dir deine Energie und Lebensfreude zur\u00fcck\",\"publisher\":{\"@id\":\"https:\\\/\\\/evamaria-klobutschar.at\\\/en\\\/#organization\"},\"potentialAction\":[{\"@type\":\"SearchAction\",\"target\":{\"@type\":\"EntryPoint\",\"urlTemplate\":\"https:\\\/\\\/evamaria-klobutschar.at\\\/en\\\/?s={search_term_string}\"},\"query-input\":{\"@type\":\"PropertyValueSpecification\",\"valueRequired\":true,\"valueName\":\"search_term_string\"}}],\"inLanguage\":\"en-US\"},{\"@type\":\"Organization\",\"@id\":\"https:\\\/\\\/evamaria-klobutschar.at\\\/en\\\/#organization\",\"name\":\"Eva Maria Klobutschar\",\"url\":\"https:\\\/\\\/evamaria-klobutschar.at\\\/en\\\/\",\"logo\":{\"@type\":\"ImageObject\",\"inLanguage\":\"en-US\",\"@id\":\"https:\\\/\\\/evamaria-klobutschar.at\\\/en\\\/#\\\/schema\\\/logo\\\/image\\\/\",\"url\":\"https:\\\/\\\/evamaria-klobutschar.at\\\/wp-content\\\/uploads\\\/2021\\\/01\\\/E-va-M-aria-K-lobutschar_png-219x300-1.png\",\"contentUrl\":\"https:\\\/\\\/evamaria-klobutschar.at\\\/wp-content\\\/uploads\\\/2021\\\/01\\\/E-va-M-aria-K-lobutschar_png-219x300-1.png\",\"width\":219,\"height\":300,\"caption\":\"Eva Maria Klobutschar\"},\"image\":{\"@id\":\"https:\\\/\\\/evamaria-klobutschar.at\\\/en\\\/#\\\/schema\\\/logo\\\/image\\\/\"},\"sameAs\":[\"https:\\\/\\\/www.facebook.com\\\/1psherzenswunschleben\\\/\",\"https:\\\/\\\/www.instagram.com\\\/klobutschar.eva.maria\\\/\"]}]}<\/script>\n<!-- \/ Yoast SEO plugin. -->","yoast_head_json":{"title":"About me - Eva Maria Klobutschar","robots":{"index":"index","follow":"follow","max-snippet":"max-snippet:-1","max-image-preview":"max-image-preview:large","max-video-preview":"max-video-preview:-1"},"canonical":"https:\/\/evamaria-klobutschar.at\/en\/about-me\/","og_locale":"en_US","og_type":"article","og_title":"About me - Eva Maria Klobutschar","og_description":"Unternehmerin &amp; Trainerin About me &#8230;Ich lebe mein Leben in wachsenden Ringen, die sich \u00fcber die Dinge zieh&#8217;n, ich werde den letzten vielleicht nicht vollenden &#8211; ABER mutig wagen WILL ich ihn (Rilke) Ich bin Eva Maria Klobutschar\u2026 und heisse dich sehr herzlich willkommen! Bereit f\u00fcr eine aussergew\u00f6hnliche Reise ? Es ist JETZT die beste [&hellip;]","og_url":"https:\/\/evamaria-klobutschar.at\/en\/about-me\/","og_site_name":"Eva Maria Klobutschar","article_publisher":"https:\/\/www.facebook.com\/1psherzenswunschleben\/","article_modified_time":"2025-03-11T15:55:10+00:00","og_image":[{"url":"https:\/\/evamaria-klobutschar.at\/wp-content\/uploads\/2021\/01\/WhatsApp-Image-2021-01-11-at-20.02.30-225x300.jpeg","type":"","width":"","height":""}],"twitter_card":"summary_large_image","twitter_misc":{"Est. reading time":"4 minutes"},"schema":{"@context":"https:\/\/schema.org","@graph":[{"@type":"WebPage","@id":"https:\/\/evamaria-klobutschar.at\/en\/about-me\/","url":"https:\/\/evamaria-klobutschar.at\/en\/about-me\/","name":"About me - Eva Maria Klobutschar","isPartOf":{"@id":"https:\/\/evamaria-klobutschar.at\/en\/#website"},"primaryImageOfPage":{"@id":"https:\/\/evamaria-klobutschar.at\/en\/about-me\/#primaryimage"},"image":{"@id":"https:\/\/evamaria-klobutschar.at\/en\/about-me\/#primaryimage"},"thumbnailUrl":"https:\/\/evamaria-klobutschar.at\/wp-content\/uploads\/2021\/01\/WhatsApp-Image-2021-01-11-at-20.02.30-225x300.jpeg","datePublished":"2025-03-11T10:40:43+00:00","dateModified":"2025-03-11T15:55:10+00:00","breadcrumb":{"@id":"https:\/\/evamaria-klobutschar.at\/en\/about-me\/#breadcrumb"},"inLanguage":"en-US","potentialAction":[{"@type":"ReadAction","target":["https:\/\/evamaria-klobutschar.at\/en\/about-me\/"]}]},{"@type":"ImageObject","inLanguage":"en-US","@id":"https:\/\/evamaria-klobutschar.at\/en\/about-me\/#primaryimage","url":"https:\/\/evamaria-klobutschar.at\/wp-content\/uploads\/2021\/01\/WhatsApp-Image-2021-01-11-at-20.02.30-225x300.jpeg","contentUrl":"https:\/\/evamaria-klobutschar.at\/wp-content\/uploads\/2021\/01\/WhatsApp-Image-2021-01-11-at-20.02.30-225x300.jpeg"},{"@type":"BreadcrumbList","@id":"https:\/\/evamaria-klobutschar.at\/en\/about-me\/#breadcrumb","itemListElement":[{"@type":"ListItem","position":1,"name":"Startseite","item":"https:\/\/evamaria-klobutschar.at\/en\/"},{"@type":"ListItem","position":2,"name":"About me"}]},{"@type":"WebSite","@id":"https:\/\/evamaria-klobutschar.at\/en\/#website","url":"https:\/\/evamaria-klobutschar.at\/en\/","name":"Eva Maria Klobutschar","description":"Hole dir deine Energie und Lebensfreude zur\u00fcck","publisher":{"@id":"https:\/\/evamaria-klobutschar.at\/en\/#organization"},"potentialAction":[{"@type":"SearchAction","target":{"@type":"EntryPoint","urlTemplate":"https:\/\/evamaria-klobutschar.at\/en\/?s={search_term_string}"},"query-input":{"@type":"PropertyValueSpecification","valueRequired":true,"valueName":"search_term_string"}}],"inLanguage":"en-US"},{"@type":"Organization","@id":"https:\/\/evamaria-klobutschar.at\/en\/#organization","name":"Eva Maria Klobutschar","url":"https:\/\/evamaria-klobutschar.at\/en\/","logo":{"@type":"ImageObject","inLanguage":"en-US","@id":"https:\/\/evamaria-klobutschar.at\/en\/#\/schema\/logo\/image\/","url":"https:\/\/evamaria-klobutschar.at\/wp-content\/uploads\/2021\/01\/E-va-M-aria-K-lobutschar_png-219x300-1.png","contentUrl":"https:\/\/evamaria-klobutschar.at\/wp-content\/uploads\/2021\/01\/E-va-M-aria-K-lobutschar_png-219x300-1.png","width":219,"height":300,"caption":"Eva Maria Klobutschar"},"image":{"@id":"https:\/\/evamaria-klobutschar.at\/en\/#\/schema\/logo\/image\/"},"sameAs":["https:\/\/www.facebook.com\/1psherzenswunschleben\/","https:\/\/www.instagram.com\/klobutschar.eva.maria\/"]}]}},"_links":{"self":[{"href":"https:\/\/evamaria-klobutschar.at\/en\/wp-json\/wp\/v2\/pages\/3595","targetHints":{"allow":["GET"]}}],"collection":[{"href":"https:\/\/evamaria-klobutschar.at\/en\/wp-json\/wp\/v2\/pages"}],"about":[{"href":"https:\/\/evamaria-klobutschar.at\/en\/wp-json\/wp\/v2\/types\/page"}],"author":[{"embeddable":true,"href":"https:\/\/evamaria-klobutschar.at\/en\/wp-json\/wp\/v2\/users\/718"}],"replies":[{"embeddable":true,"href":"https:\/\/evamaria-klobutschar.at\/en\/wp-json\/wp\/v2\/comments?post=3595"}],"version-history":[{"count":5,"href":"https:\/\/evamaria-klobutschar.at\/en\/wp-json\/wp\/v2\/pages\/3595\/revisions"}],"predecessor-version":[{"id":3680,"href":"https:\/\/evamaria-klobutschar.at\/en\/wp-json\/wp\/v2\/pages\/3595\/revisions\/3680"}],"wp:attachment":[{"href":"https:\/\/evamaria-klobutschar.at\/en\/wp-json\/wp\/v2\/media?parent=3595"}],"curies":[{"name":"wp","href":"https:\/\/api.w.org\/{rel}","templated":true}]}}